{"id":1002,"date":"2019-11-03T17:15:09","date_gmt":"2019-11-03T16:15:09","guid":{"rendered":"https:\/\/www.arbre-canapas.com\/mentions-legales\/"},"modified":"2020-04-28T19:57:48","modified_gmt":"2020-04-28T17:57:48","slug":"terms","status":"publish","type":"page","link":"https:\/\/www.arbre-canapas.com\/en\/terms\/","title":{"rendered":"Terms"},"content":{"rendered":"<div class=\"main-wrap full-width\" role=\"main\">\n<div class=\"main-content\">\n<div class=\"entry-content\">\n<h3>L'Arbre Canapas<\/h3>\n<p>Association loi 1901<br \/>\nMaison de la Vie Association<br \/>\n2 boulevard Ir\u00e8ne Joliot Curie - 01000 Bourg-en-Bresse<\/p>\n<p>Site Internet : <a href=\"https:\/\/www.arbre-canapas.com\">www.arbre-canapas.com<\/a><br \/>\nCourriel : <a href=\"mailto:contact@arbre-canapas.com\">contact@arbre-canapas.com<\/a><\/p>\n<p>L\u2019Arbre Canapas est subventionn\u00e9 par la DRAC Auvergne-Rh\u00f4ne-Alpes, la R\u00e9gion Auvergne-Rh\u00f4ne-Alpes, le d\u00e9partement de l'Ain, la ville de Bourg-en-Bresse, la Sacem et la Spedidam.<\/p>\n<p><strong>Directeur de la publication :<\/strong> Alain Desseigne, Pr\u00e9sident<\/p>\n<p><strong>Webmaster :<\/strong> Nolwenn Guigueno<br \/>\ncontact : <a href=\"mailto:communication@arbre-canapas.com\">communication@arbre-canapas.com<\/a><\/p>\n<p><strong>R\u00e9alisation du site :<\/strong> Audrey Prud\u2019Homme<br \/>\n2 bis rue Amp\u00e8re, 38000 Grenoble<br \/>\nSite internet : <a href=\"https:\/\/audrey-prudhomme.fr\" target=\"_blank\" rel=\"noopener noreferrer\">https:\/\/audrey-prudhomme.fr<\/a><\/p>\n<p class=\"font_8\"><strong>Design graphique :<\/strong> J\u00e9r\u00e9my Charlot<br \/>\n16 rue Lainerie, 69005 Lyon<br \/>\nSite internet : <a href=\"https:\/\/www.jeremycharlot.com\/\">https:\/\/www.jeremycharlot.com\/<\/a><\/p>\n<p><strong>H\u00e9bergement\u00a0:<\/strong> OVH<br \/>\n2, rue Kellermann, 59100 Roubaix.<\/p>\n<h4>Droit d\u2019auteur, copyright<\/h4>\n<p>Le site du collectif L'Arbre Canapas est une \u0153uvre de l\u2019esprit prot\u00e9g\u00e9e par la l\u00e9gislation en vigueur. Les droits de l\u2019auteur de ce site sont r\u00e9serv\u00e9s pour toute forme d\u2019utilisation. En particulier, la reproduction des \u00e9l\u00e9ments graphiques du site, le t\u00e9l\u00e9chargement complet du site pour son enregistrement sur un support de diffusion, ainsi que toute utilisation des visuels et textes qu\u2019il contient autre que la consultation individuelle et priv\u00e9e sont interdits sans autorisation. Les droits aff\u00e9rents aux illustrations et photographies contenues dans ce site appartiennent, sauf mention contraire, au collectif L'Arbre Canapas.<\/p>\n<h4>Protection des donn\u00e9es personnelles<\/h4>\n<p>Nous sommes amen\u00e9s, par l\u2019interm\u00e9diaire du pr\u00e9sent site \u00e0 collecter des informations \u00e0 caract\u00e8re personnel vous concernant. Cependant, aucune information n\u2019est collect\u00e9e \u00e0 votre insu. Toutes ces informations sont destin\u00e9es au collectif L'Arbre Canapas et ne sont en aucun cas c\u00e9d\u00e9es \u00e0 un tiers.<\/p>\n<p>Vous disposez d\u2019un droit d\u2019acc\u00e8s, de modification, de rectification et de suppression des donn\u00e9es vous concernant (loi \u00abinformatique et libert\u00e9s\u00bb du 6 janvier 1978). Pour toute demande, adressez-vous \u00e0<\/p>\n<p>L'Arbre Canapas<br \/>\nMaison des associations - 2 boulevard Ir\u00e8ne Joliot Curie<br \/>\nCourriel : contact@arbre-canapas.com<\/p>\n<h4>L'Arbre Canapas<\/h4>\n<p>Siret : 453 691 578 00034<\/p>\n<p>Code APE : 9001Z<\/p>\n<p>Licence d\u2019entrepreneur de spectacle : n\u00b02-1095277 et 3-1095278<\/p>\n<\/div>\n<\/div>\n<\/div>\n","protected":false},"excerpt":{"rendered":"<p>L&#8217;Arbre Canapas Association loi 1901 Maison de la Vie Association 2 boulevard Ir\u00e8ne Joliot Curie &#8211; 01000 Bourg-en-Bresse Site Internet : www.arbre-canapas.com Courriel : contact@arbre-canapas.com L\u2019Arbre Canapas est subventionn\u00e9 par la DRAC Auvergne-Rh\u00f4ne-Alpes, la R\u00e9gion Auvergne-Rh\u00f4ne-Alpes, le d\u00e9partement de l&#8217;Ain, la ville de Bourg-en-Bresse, la Sacem et la Spedidam. Directeur de la publication : Alain [&hellip;]<\/p>\n","protected":false},"author":1,"featured_media":0,"parent":0,"menu_order":12,"comment_status":"closed","ping_status":"closed","template":"","meta":{"_acf_changed":false,"footnotes":""},"class_list":["post-1002","page","type-page","status-publish","hentry"],"acf":[],"yoast_head":"<!-- This site is optimized with the Yoast SEO plugin v26.4 - https:\/\/yoast.com\/wordpress\/plugins\/seo\/ -->\n<title>Terms - L&#039;Arbre Canapas<\/title>\n<meta name=\"robots\" content=\"index, follow, max-snippet:-1, max-image-preview:large, max-video-preview:-1\" \/>\n<link rel=\"canonical\" href=\"https:\/\/www.arbre-canapas.com\/en\/terms\/\" \/>\n<meta property=\"og:locale\" content=\"en_US\" \/>\n<meta property=\"og:type\" content=\"article\" \/>\n<meta property=\"og:title\" content=\"Terms - L&#039;Arbre Canapas\" \/>\n<meta property=\"og:description\" content=\"L&#039;Arbre Canapas Association loi 1901 Maison de la Vie Association 2 boulevard Ir\u00e8ne Joliot Curie - 01000 Bourg-en-Bresse Site Internet : www.arbre-canapas.com Courriel : contact@arbre-canapas.com L\u2019Arbre Canapas est subventionn\u00e9 par la DRAC Auvergne-Rh\u00f4ne-Alpes, la R\u00e9gion Auvergne-Rh\u00f4ne-Alpes, le d\u00e9partement de l&#039;Ain, la ville de Bourg-en-Bresse, la Sacem et la Spedidam. Directeur de la publication : Alain [&hellip;]\" \/>\n<meta property=\"og:url\" content=\"https:\/\/www.arbre-canapas.com\/en\/terms\/\" \/>\n<meta property=\"og:site_name\" content=\"L&#039;Arbre Canapas\" \/>\n<meta property=\"article:publisher\" content=\"https:\/\/www.facebook.com\/profile.php?id=100006027978794\" \/>\n<meta property=\"article:modified_time\" content=\"2020-04-28T17:57:48+00:00\" \/>\n<meta name=\"twitter:card\" content=\"summary_large_image\" \/>\n<meta name=\"twitter:label1\" content=\"Est. reading time\" \/>\n\t<meta name=\"twitter:data1\" content=\"2 minutes\" \/>\n<script type=\"application\/ld+json\" class=\"yoast-schema-graph\">{\"@context\":\"https:\/\/schema.org\",\"@graph\":[{\"@type\":\"WebPage\",\"@id\":\"https:\/\/www.arbre-canapas.com\/en\/terms\/\",\"url\":\"https:\/\/www.arbre-canapas.com\/en\/terms\/\",\"name\":\"Terms - L&#039;Arbre Canapas\",\"isPartOf\":{\"@id\":\"https:\/\/www.arbre-canapas.com\/en\/#website\"},\"datePublished\":\"2019-11-03T16:15:09+00:00\",\"dateModified\":\"2020-04-28T17:57:48+00:00\",\"breadcrumb\":{\"@id\":\"https:\/\/www.arbre-canapas.com\/en\/terms\/#breadcrumb\"},\"inLanguage\":\"en-US\",\"potentialAction\":[{\"@type\":\"ReadAction\",\"target\":[\"https:\/\/www.arbre-canapas.com\/en\/terms\/\"]}]},{\"@type\":\"BreadcrumbList\",\"@id\":\"https:\/\/www.arbre-canapas.com\/en\/terms\/#breadcrumb\",\"itemListElement\":[{\"@type\":\"ListItem\",\"position\":1,\"name\":\"Accueil\",\"item\":\"https:\/\/www.arbre-canapas.com\/en\/\"},{\"@type\":\"ListItem\",\"position\":2,\"name\":\"Terms\"}]},{\"@type\":\"WebSite\",\"@id\":\"https:\/\/www.arbre-canapas.com\/en\/#website\",\"url\":\"https:\/\/www.arbre-canapas.com\/en\/\",\"name\":\"L'Arbre Canapas\",\"description\":\"Collectif de musiciens\",\"publisher\":{\"@id\":\"https:\/\/www.arbre-canapas.com\/en\/#organization\"},\"potentialAction\":[{\"@type\":\"SearchAction\",\"target\":{\"@type\":\"EntryPoint\",\"urlTemplate\":\"https:\/\/www.arbre-canapas.com\/en\/?s={search_term_string}\"},\"query-input\":{\"@type\":\"PropertyValueSpecification\",\"valueRequired\":true,\"valueName\":\"search_term_string\"}}],\"inLanguage\":\"en-US\"},{\"@type\":\"Organization\",\"@id\":\"https:\/\/www.arbre-canapas.com\/en\/#organization\",\"name\":\"L'Arbre Canapas\",\"url\":\"https:\/\/www.arbre-canapas.com\/en\/\",\"logo\":{\"@type\":\"ImageObject\",\"inLanguage\":\"en-US\",\"@id\":\"https:\/\/www.arbre-canapas.com\/en\/#\/schema\/logo\/image\/\",\"url\":\"https:\/\/www.arbre-canapas.com\/wp-content\/uploads\/2020\/02\/logo-footer.png\",\"contentUrl\":\"https:\/\/www.arbre-canapas.com\/wp-content\/uploads\/2020\/02\/logo-footer.png\",\"width\":344,\"height\":243,\"caption\":\"L'Arbre Canapas\"},\"image\":{\"@id\":\"https:\/\/www.arbre-canapas.com\/en\/#\/schema\/logo\/image\/\"},\"sameAs\":[\"https:\/\/www.facebook.com\/profile.php?id=100006027978794\",\"https:\/\/www.youtube.com\/channel\/UC8X8v_jMyy4K2cPKsAze08w\"]}]}<\/script>\n<!-- \/ Yoast SEO plugin. -->","yoast_head_json":{"title":"Terms - L&#039;Arbre Canapas","robots":{"index":"index","follow":"follow","max-snippet":"max-snippet:-1","max-image-preview":"max-image-preview:large","max-video-preview":"max-video-preview:-1"},"canonical":"https:\/\/www.arbre-canapas.com\/en\/terms\/","og_locale":"en_US","og_type":"article","og_title":"Terms - L&#039;Arbre Canapas","og_description":"L'Arbre Canapas Association loi 1901 Maison de la Vie Association 2 boulevard Ir\u00e8ne Joliot Curie - 01000 Bourg-en-Bresse Site Internet : www.arbre-canapas.com Courriel : contact@arbre-canapas.com L\u2019Arbre Canapas est subventionn\u00e9 par la DRAC Auvergne-Rh\u00f4ne-Alpes, la R\u00e9gion Auvergne-Rh\u00f4ne-Alpes, le d\u00e9partement de l'Ain, la ville de Bourg-en-Bresse, la Sacem et la Spedidam. Directeur de la publication : Alain [&hellip;]","og_url":"https:\/\/www.arbre-canapas.com\/en\/terms\/","og_site_name":"L&#039;Arbre Canapas","article_publisher":"https:\/\/www.facebook.com\/profile.php?id=100006027978794","article_modified_time":"2020-04-28T17:57:48+00:00","twitter_card":"summary_large_image","twitter_misc":{"Est. reading time":"2 minutes"},"schema":{"@context":"https:\/\/schema.org","@graph":[{"@type":"WebPage","@id":"https:\/\/www.arbre-canapas.com\/en\/terms\/","url":"https:\/\/www.arbre-canapas.com\/en\/terms\/","name":"Terms - L&#039;Arbre Canapas","isPartOf":{"@id":"https:\/\/www.arbre-canapas.com\/en\/#website"},"datePublished":"2019-11-03T16:15:09+00:00","dateModified":"2020-04-28T17:57:48+00:00","breadcrumb":{"@id":"https:\/\/www.arbre-canapas.com\/en\/terms\/#breadcrumb"},"inLanguage":"en-US","potentialAction":[{"@type":"ReadAction","target":["https:\/\/www.arbre-canapas.com\/en\/terms\/"]}]},{"@type":"BreadcrumbList","@id":"https:\/\/www.arbre-canapas.com\/en\/terms\/#breadcrumb","itemListElement":[{"@type":"ListItem","position":1,"name":"Accueil","item":"https:\/\/www.arbre-canapas.com\/en\/"},{"@type":"ListItem","position":2,"name":"Terms"}]},{"@type":"WebSite","@id":"https:\/\/www.arbre-canapas.com\/en\/#website","url":"https:\/\/www.arbre-canapas.com\/en\/","name":"L'Arbre Canapas","description":"Collectif de musiciens","publisher":{"@id":"https:\/\/www.arbre-canapas.com\/en\/#organization"},"potentialAction":[{"@type":"SearchAction","target":{"@type":"EntryPoint","urlTemplate":"https:\/\/www.arbre-canapas.com\/en\/?s={search_term_string}"},"query-input":{"@type":"PropertyValueSpecification","valueRequired":true,"valueName":"search_term_string"}}],"inLanguage":"en-US"},{"@type":"Organization","@id":"https:\/\/www.arbre-canapas.com\/en\/#organization","name":"L'Arbre Canapas","url":"https:\/\/www.arbre-canapas.com\/en\/","logo":{"@type":"ImageObject","inLanguage":"en-US","@id":"https:\/\/www.arbre-canapas.com\/en\/#\/schema\/logo\/image\/","url":"https:\/\/www.arbre-canapas.com\/wp-content\/uploads\/2020\/02\/logo-footer.png","contentUrl":"https:\/\/www.arbre-canapas.com\/wp-content\/uploads\/2020\/02\/logo-footer.png","width":344,"height":243,"caption":"L'Arbre Canapas"},"image":{"@id":"https:\/\/www.arbre-canapas.com\/en\/#\/schema\/logo\/image\/"},"sameAs":["https:\/\/www.facebook.com\/profile.php?id=100006027978794","https:\/\/www.youtube.com\/channel\/UC8X8v_jMyy4K2cPKsAze08w"]}]}},"_links":{"self":[{"href":"https:\/\/www.arbre-canapas.com\/en\/wp-json\/wp\/v2\/pages\/1002","targetHints":{"allow":["GET"]}}],"collection":[{"href":"https:\/\/www.arbre-canapas.com\/en\/wp-json\/wp\/v2\/pages"}],"about":[{"href":"https:\/\/www.arbre-canapas.com\/en\/wp-json\/wp\/v2\/types\/page"}],"author":[{"embeddable":true,"href":"https:\/\/www.arbre-canapas.com\/en\/wp-json\/wp\/v2\/users\/1"}],"replies":[{"embeddable":true,"href":"https:\/\/www.arbre-canapas.com\/en\/wp-json\/wp\/v2\/comments?post=1002"}],"version-history":[{"count":0,"href":"https:\/\/www.arbre-canapas.com\/en\/wp-json\/wp\/v2\/pages\/1002\/revisions"}],"wp:attachment":[{"href":"https:\/\/www.arbre-canapas.com\/en\/wp-json\/wp\/v2\/media?parent=1002"}],"curies":[{"name":"wp","href":"https:\/\/api.w.org\/{rel}","templated":true}]}}