{"id":1003,"date":"2019-11-03T16:07:50","date_gmt":"2019-11-03T15:07:50","guid":{"rendered":"https:\/\/www.arbre-canapas.com\/confidentialite\/"},"modified":"2020-04-28T20:01:23","modified_gmt":"2020-04-28T18:01:23","slug":"privacy-policy","status":"publish","type":"page","link":"https:\/\/www.arbre-canapas.com\/en\/privacy-policy\/","title":{"rendered":"Privacy policy"},"content":{"rendered":"<h2>ARTICLE 1\u00a0: PR\u00c9AMBULE<\/h2>\n<p>Cette politique de confidentialit\u00e9 s'applique au site\u00a0: <span id=\"span_id_nom_du_site\">https:\/\/www.arbre-canapas.com\/<\/span>.<\/p>\n<p>La pr\u00e9sente politique de confidentialit\u00e9 a pour but d'exposer aux utilisateurs du site\u00a0:<\/p>\n<ul>\n<li>La mani\u00e8re dont sont collect\u00e9es et trait\u00e9es leurs donn\u00e9es \u00e0 caract\u00e8re personnel. Doivent \u00eatre consid\u00e9r\u00e9es comme donn\u00e9es personnelles toutes les donn\u00e9es \u00e9tant susceptibles d'identifier un utilisateur. Il s'agit notamment du pr\u00e9nom et du nom, de l'\u00e2ge, de l'adresse postale, l'adresse mail, la localisation de l'utilisateur ou encore son adresse IP\u00a0;<\/li>\n<\/ul>\n<ul>\n<li>Quels sont les droits des utilisateurs concernant ces donn\u00e9es\u00a0;<\/li>\n<\/ul>\n<ul>\n<li>Qui est responsable du traitement des donn\u00e9es \u00e0 caract\u00e8re personnel collect\u00e9es et trait\u00e9es\u00a0;<\/li>\n<\/ul>\n<ul>\n<li>A qui ces donn\u00e9es sont transmises\u00a0;<\/li>\n<\/ul>\n<ul>\n<li>\u00c9ventuellement, la politique du site en mati\u00e8re de fichiers \"cookies\".<\/li>\n<\/ul>\n<p>Cette politique de confidentialit\u00e9 compl\u00e8te les <a href=\"https:\/\/www.arbre-canapas.com\/en\/terms\/\">mentions l\u00e9gales<\/a>.<\/p>\n<h2>ARTICLE 2\u00a0: PRINCIPES G\u00c9N\u00c9RAUX EN MATI\u00c8RE DE COLLECTE ET DE TRAITEMENT DE DONN\u00c9ES<\/h2>\n<p>Conform\u00e9ment aux dispositions de l'article 5 du R\u00e8glement europ\u00e9en 2016\/679, la collecte et le traitement des donn\u00e9es des utilisateurs du site respectent les principes suivants\u00a0:<\/p>\n<ul>\n<li>Lic\u00e9it\u00e9, loyaut\u00e9 et transparence\u00a0: les donn\u00e9es ne peuvent \u00eatre collect\u00e9es et trait\u00e9es qu'avec le consentement de l'utilisateur propri\u00e9taire des donn\u00e9es. A chaque fois que des donn\u00e9es \u00e0 caract\u00e8re personnel seront collect\u00e9es, il sera indiqu\u00e9 \u00e0 l'utilisateur que ses donn\u00e9es sont collect\u00e9es, et pour quelles raisons ses donn\u00e9es sont collect\u00e9es\u00a0;<\/li>\n<\/ul>\n<ul>\n<li>Finalit\u00e9s limit\u00e9es\u00a0: la collecte et le traitement des donn\u00e9es sont ex\u00e9cut\u00e9s pour r\u00e9pondre \u00e0 un ou plusieurs objectifs d\u00e9termin\u00e9s dans les pr\u00e9sentes conditions g\u00e9n\u00e9rales d'utilisation\u00a0;<\/li>\n<\/ul>\n<ul>\n<li>Minimisation de la collecte et du traitement des donn\u00e9es\u00a0: seules les donn\u00e9es n\u00e9cessaires \u00e0 la bonne ex\u00e9cution des objectifs poursuivis par le site sont collect\u00e9es\u00a0;<\/li>\n<\/ul>\n<ul>\n<li>Conservation des donn\u00e9es r\u00e9duites dans le temps\u00a0: les donn\u00e9es sont conserv\u00e9es pour une dur\u00e9e limit\u00e9e, dont l'utilisateur est inform\u00e9. Lorsque cette information ne peut pas \u00eatre communiqu\u00e9e, l'utilisateur est inform\u00e9 des crit\u00e8res utilis\u00e9s pour d\u00e9terminer la dur\u00e9e de conservation\u00a0;<\/li>\n<\/ul>\n<ul>\n<li>Int\u00e9grit\u00e9 et confidentialit\u00e9 des donn\u00e9es collect\u00e9es et trait\u00e9es\u00a0: le responsable du traitement des donn\u00e9es s'engage \u00e0 garantir l'int\u00e9grit\u00e9 et la confidentialit\u00e9 des donn\u00e9es collect\u00e9es.<\/li>\n<\/ul>\n<p>Afin d'\u00eatre licites, et ce conform\u00e9ment aux exigences de l'article 6 du r\u00e8glement europ\u00e9en 2016\/679, la collecte et le traitement des donn\u00e9es \u00e0 caract\u00e8re personnel ne pourront intervenir que s'ils respectent au moins l'une des conditions ci-apr\u00e8s \u00e9num\u00e9r\u00e9es\u00a0:<\/p>\n<ul>\n<li>L'utilisateur a express\u00e9ment consenti au traitement\u00a0;<\/li>\n<\/ul>\n<ul>\n<li>Le traitement est n\u00e9cessaire \u00e0 la bonne ex\u00e9cution d'un contrat\u00a0;<\/li>\n<\/ul>\n<ul>\n<li>Le traitement r\u00e9pond \u00e0 une obligation l\u00e9gale\u00a0;<\/li>\n<\/ul>\n<ul>\n<li>Le traitement s'explique par une n\u00e9cessit\u00e9 li\u00e9e \u00e0 la sauvegarde des int\u00e9r\u00eats vitaux de la personne concern\u00e9e ou d'une autre personne physique\u00a0;<\/li>\n<\/ul>\n<ul>\n<li>Le traitement peut s'expliquer par une n\u00e9cessit\u00e9 li\u00e9e \u00e0 l'ex\u00e9cution d'une mission d'int\u00e9r\u00eat public ou qui rel\u00e8ve de l'exercice de l'autorit\u00e9 publique\u00a0;<\/li>\n<\/ul>\n<ul>\n<li>Le traitement et la collecte des donn\u00e9es \u00e0 caract\u00e8re personnel sont n\u00e9cessaires aux fins des int\u00e9r\u00eats l\u00e9gitimes et priv\u00e9s poursuivis par le responsable du traitement ou par un tiers.<\/li>\n<\/ul>\n<h2>ARTICLE 3\u00a0: DONN\u00c9ES \u00c0 CARACT\u00c8RE PERSONNEL COLLECT\u00c9ES ET TRAIT\u00c9ES DANS LE CADRE DE LA NAVIGATION SUR LE SITE<\/h2>\n<h3>A. DONN\u00c9ES COLLECT\u00c9ES ET TRAIT\u00c9ES ET MODE DE COLLECTE<\/h3>\n<p>Les donn\u00e9es \u00e0 caract\u00e8re personnel collect\u00e9es sur le site <span id=\"span_id_nom_du_site_internet\">L'Arbre Canapas<\/span> sont les suivantes\u00a0:<\/p>\n<ul>\n<li><span id=\"span_id_liste_donnees_collectees\">Nom, pr\u00e9nom, adresse e-mail<\/span><\/li>\n<\/ul>\n<p>Ces donn\u00e9es sont collect\u00e9es lorsque <span style=\"font-size: inherit;\">l'utilisateur nous envoie un message via notre formulaire de contact. Nous collectons son nom, son pr\u00e9nom et son adresse e-mail.<br \/>\n<\/span>Le responsable du traitement conservera dans ses syst\u00e8mes informatiques du site et dans des conditions raisonnables de s\u00e9curit\u00e9 l'ensemble des donn\u00e9es collect\u00e9es <span id=\"span_id_duree_conservation_donnees\">sans limite de temps.<br \/>\n<\/span><span id=\"span_id_finalite_traitement_donnees\">Les donn\u00e9es ne sont stock\u00e9es que pour notre base de donn\u00e9es personnelle et seulement \u00e0 des fins de communication avec notre public.<\/span><\/p>\n<h3>B. TRANSMISSION DES DONN\u00c9ES A DES TIERS<\/h3>\n<p>Les donn\u00e9es \u00e0 caract\u00e8re personnel collect\u00e9es par le site ne sont transmises \u00e0 aucun tiers, et ne sont trait\u00e9es que par l'\u00e9diteur du site.<\/p>\n<h3>C. H\u00c9BERGEMENT DES DONN\u00c9ES<\/h3>\n<p>Le site <span id=\"span_id_nom_du_site_internet\">L'Arbre Canapas<\/span> est h\u00e9berg\u00e9 par\u00a0:<\/p>\n<ul>\n<li><span id=\"span_id_denomination_sociale_de_l_hebergeur\">OVH SAS<\/span>, dont le si\u00e8ge est situ\u00e9 \u00e0 l'adresse ci-apr\u00e8s :<br \/>\n2 rue Kellermann \u2013 BP 80157 - 59053 ROUBAIX CEDEX 1<br \/>\nL'h\u00e9bergeur peut \u00eatre contact\u00e9 au num\u00e9ro de t\u00e9l\u00e9phone suivant : <span id=\"span_id_telephone_de_l_hebergeur\" style=\"font-size: inherit;\">08 203 203 63<\/span><\/li>\n<\/ul>\n<p>Les donn\u00e9es collect\u00e9es et trait\u00e9es par le site sont exclusivement h\u00e9berg\u00e9es et trait\u00e9es en France.<\/p>\n<h2>ARTICLE 4\u00a0: RESPONSABLE DU TRAITEMENT DES DONN\u00c9ES ET D\u00c9L\u00c9GU\u00c9 \u00c0 LA PROTECTION DES DONN\u00c9ES<\/h2>\n<h3>A. LE RESPONSABLE DU TRAITEMENT DES DONN\u00c9ES<\/h3>\n<p>Le responsable du traitement des donn\u00e9es \u00e0 caract\u00e8re personnel est <span id=\"span_id_prenom_nom_responsable\">Nolwenn Guigueno<\/span>.<br \/>\n<span id=\"span_id_methode_contact_rtd\">contact\u00a0: communication@arbre-canapas.com<\/span><\/p>\n<p>Le responsable du traitement des donn\u00e9es est charg\u00e9 de d\u00e9terminer les finalit\u00e9s et les moyens mis au service du traitement des donn\u00e9es \u00e0 caract\u00e8re personnel.<\/p>\n<h3>B. OBLIGATIONS DU RESPONSABLE DU TRAITEMENT DES DONN\u00c9ES<\/h3>\n<p>Le responsable du traitement s'engage \u00e0 prot\u00e9ger les donn\u00e9es \u00e0 caract\u00e8re personnel collect\u00e9es, \u00e0 ne pas les transmettre \u00e0 des tiers sans que l'utilisateur n'en ait \u00e9t\u00e9 inform\u00e9 et \u00e0 respecter les finalit\u00e9s pour lesquelles ces donn\u00e9es ont \u00e9t\u00e9 collect\u00e9es.<\/p>\n<p>Le site dispose d'un certificat SSL afin de garantir que les informations et le transfert des donn\u00e9es transitant par le site sont s\u00e9curis\u00e9s.<br \/>\nUn certificat SSL (\"Secure Socket Layer\" Certificate) a pour but de s\u00e9curiser les donn\u00e9es \u00e9chang\u00e9es entre l'utilisateur et le site.<\/p>\n<p>De plus, le responsable du traitement des donn\u00e9es s'engage \u00e0 notifier l'utilisateur en cas de rectification ou de suppression des donn\u00e9es, \u00e0 moins que cela n'entra\u00eene pour lui des formalit\u00e9s, co\u00fbts et d\u00e9marches disproportionn\u00e9s.<\/p>\n<p>Dans le cas o\u00f9 l'int\u00e9grit\u00e9, la confidentialit\u00e9 ou la s\u00e9curit\u00e9 des donn\u00e9es \u00e0 caract\u00e8re personnel de l'utilisateur est compromise, le responsable du traitement s'engage \u00e0 informer l'utilisateur par tout moyen.<\/p>\n<h2>ARTICLE 5\u00a0: DROITS DE L'UTILISATEUR<\/h2>\n<p>Conform\u00e9ment \u00e0 la r\u00e9glementation concernant le traitement des donn\u00e9es \u00e0 caract\u00e8re personnel, l'utilisateur poss\u00e8de les droits ci-apr\u00e8s \u00e9num\u00e9r\u00e9s.<br \/>\nAfin que le responsable du traitement des donn\u00e9es fasse droit \u00e0 sa demande, l'utilisateur est tenu de lui communiquer\u00a0: ses pr\u00e9nom et nom ainsi que son adresse e-mail.<br \/>\nLe responsable du traitement des donn\u00e9es est tenu de r\u00e9pondre \u00e0 l'utilisateur dans un d\u00e9lai de 30 jours maximum.<\/p>\n<h3>A. PR\u00c9SENTATION DES DROITS DE L'UTILISATEUR EN MATI\u00c8RE DE COLLECTE ET TRAITEMENT DE DONN\u00c9ES<\/h3>\n<h4><strong>a. Droit d'acc\u00e8s, de rectification et droit \u00e0 l'effacement<\/strong><\/h4>\n<p>L'utilisateur peut prendre connaissance, mettre \u00e0 jour, modifier ou demander la suppression des donn\u00e9es le concernant, en contactant le responsable du traitement des donn\u00e9es<span id=\"span_id_procedure_portabilite_donnees_personnelles\">, en envoyant un e-mail \u00e0 l'adresse pr\u00e9vue ci-dessus<\/span>.<\/p>\n<h4><strong>b. Droit \u00e0 la portabilit\u00e9 des donn\u00e9es<\/strong><\/h4>\n<p>L'utilisateur a le droit de demander la portabilit\u00e9 de ses donn\u00e9es personnelles, d\u00e9tenues par le site, vers un autre site, en se conformant \u00e0 la proc\u00e9dure ci-apr\u00e8s\u00a0:<br \/>\n<span id=\"span_id_procedure_portabilite_donnees_personnelles\">L'utilisateur doit faire une demande de portabilit\u00e9 de ses donn\u00e9es personnelles aupr\u00e8s du responsable du traitement des donn\u00e9es, en envoyant un e-mail \u00e0 l'adresse pr\u00e9vue ci-dessus.<\/span><\/p>\n<h4><strong>c. Droit \u00e0 la limitation et \u00e0 l'opposition du traitement des donn\u00e9es<\/strong><\/h4>\n<p>L'utilisateur a le droit de demander la limitation ou de s'opposer au traitement de ses donn\u00e9es par le site, sans que le site ne puisse refuser, sauf \u00e0 d\u00e9montrer l'existence de motifs l\u00e9gitimes et imp\u00e9rieux, pouvant pr\u00e9valoir sur les int\u00e9r\u00eats et les droits et libert\u00e9s de l'utilisateur. Afin de demander la limitation du traitement de ses donn\u00e9es ou de formuler une opposition au traitement de ses donn\u00e9es, l'utilisateur doit <span id=\"span_id_procedure_limitation_traitement\">faire une demande de limitation au traitement de ses donn\u00e9es personnelles aupr\u00e8s du responsable du traitement des donn\u00e9es, en envoyant un e-mail \u00e0 l'adresse pr\u00e9vue ci-dessus.<\/span><\/p>\n<h4><strong>d. Droit de ne pas faire l'objet d'une d\u00e9cision fond\u00e9e exclusivement sur un proc\u00e9d\u00e9 automatis\u00e9<\/strong><\/h4>\n<p>Conform\u00e9ment aux dispositions du r\u00e8glement 2016\/679, l'utilisateur a le droit de ne pas faire l'objet d'une d\u00e9cision fond\u00e9e exclusivement sur un proc\u00e9d\u00e9 automatis\u00e9 si la d\u00e9cision produit des effets juridiques le concernant, ou l'affecte de mani\u00e8re significative de fa\u00e7on similaire.<\/p>\n<h4><strong>e. Droit de d\u00e9terminer le sort des donn\u00e9es apr\u00e8s la mort<\/strong><\/h4>\n<p>Il est rappel\u00e9 \u00e0 l'utilisateur qu'il peut organiser quel doit \u00eatre le devenir de ses donn\u00e9es collect\u00e9es et trait\u00e9es s'il d\u00e9c\u00e8de, conform\u00e9ment \u00e0 la loi n\u00b02016-1321 du 7 octobre 2016.<\/p>\n<h4><strong>f. Droit de saisir l'autorit\u00e9 de contr\u00f4le comp\u00e9tente<\/strong><\/h4>\n<p>Dans le cas o\u00f9 le responsable du traitement des donn\u00e9es d\u00e9cide de ne pas r\u00e9pondre \u00e0 la demande de l'utilisateur, et que l'utilisateur souhaite contester cette d\u00e9cision, ou, s'il pense qu'il est port\u00e9 atteinte \u00e0 l'un des droits \u00e9num\u00e9r\u00e9s ci-dessus, il est en droit de saisir la CNIL (Commission Nationale de l'Informatique et des Libert\u00e9s, https:\/\/www.cnil.fr) ou tout juge comp\u00e9tent.<\/p>\n<h3>B. DONN\u00c9ES PERSONNELLES DES PERSONNES MINEURES<\/h3>\n<p>Conform\u00e9ment aux dispositions de l'article 8 du r\u00e8glement europ\u00e9en 2016\/679 et \u00e0 la loi Informatique et Libert\u00e9s, seuls les mineurs \u00e2g\u00e9s de 15 ans ou plus peuvent consentir au traitement de leurs donn\u00e9es personnelles.<\/p>\n<p>Si l'utilisateur est un mineur de moins de 15 ans, l'accord d'un repr\u00e9sentant l\u00e9gal sera requis afin que des donn\u00e9es \u00e0 caract\u00e8re personnel puissent \u00eatre collect\u00e9es et trait\u00e9es.<\/p>\n<p>L'\u00e9diteur du site se r\u00e9serve le droit de v\u00e9rifier par tout moyen que l'utilisateur est \u00e2g\u00e9 de plus de 15 ans, ou qu'il aura obtenu l'accord d'un repr\u00e9sentant l\u00e9gal avant de naviguer sur le site.<\/p>\n<h2>ARTICLE 6\u00a0: UTILISATION DES FICHIERS \"COOKIES\"<\/h2>\n<p>Le site a \u00e9ventuellement recours aux techniques de \"cookies\".<br \/>\nUn \"cookie\" est un fichier de petite taille (moins de 4 ko), stock\u00e9 par le site sur le disque dur de l'utilisateur, contenant des informations relatives aux habitudes de navigation de l'utilisateur.<br \/>\nCes fichiers lui permettent de traiter des statistiques et des informations sur le trafic, de faciliter la navigation et d'am\u00e9liorer le service pour le confort de l'utilisateur.<\/p>\n<p>Pour l'utilisation de fichiers \"cookies\" impliquant la sauvegarde et l'analyse de donn\u00e9es \u00e0 caract\u00e8re personnel, le consentement de l'utilisateur est n\u00e9cessairement demand\u00e9.<br \/>\nCe consentement de l'utilisateur est consid\u00e9r\u00e9 comme valide pour une dur\u00e9e de 13 (treize) mois maximum. A l'issue de cette p\u00e9riode, le site demandera \u00e0 nouveau l'autorisation de l'utilisateur pour enregistrer des fichiers \"cookies\" sur son disque dur.<\/p>\n<h4>a. Opposition de l'utilisateur \u00e0 l'utilisation de fichiers \"cookies\" par le site<\/h4>\n<p>Il est port\u00e9 \u00e0 la connaissance de l'utilisateur qu'il peut s'opposer \u00e0 l'enregistrement de ces fichiers \"cookies\" en configurant son logiciel de navigation.<br \/>\nPour information, l'utilisateur peut trouver aux adresses suivantes les d\u00e9marches \u00e0 suivre afin de configurer son logiciel de navigation pour s'opposer \u00e0 l'enregistrement des fichiers \"cookies\"\u00a0:<\/p>\n<ul>\n<li>Chrome\u00a0: https:\/\/support.google.com\/accounts\/answer\/61416?hl=fr<\/li>\n<\/ul>\n<ul>\n<li>Firefox\u00a0: https:\/\/support.mozilla.org\/fr\/kb\/enable-and-disable-cookies-website-preferences<\/li>\n<\/ul>\n<ul>\n<li>Safari\u00a0: http:\/\/www.apple.com\/legal\/privacy\/fr-ww\/<\/li>\n<\/ul>\n<ul>\n<li>Internet Explorer\u00a0: https:\/\/support.microsoft.com\/fr-fr\/help\/17442\/windows-internet-explorer-delete-manage-cookies<\/li>\n<\/ul>\n<ul>\n<li>Opera\u00a0: http:\/\/www.opera.com\/help\/tutorials\/security\/cookies\/<\/li>\n<\/ul>\n<p>Dans le cas o\u00f9 l'utilisateur d\u00e9cide de d\u00e9sactiver les fichiers \"cookies\", il pourra poursuivre sa navigation sur le site. Toutefois, tout dysfonctionnement du site provoqu\u00e9 par cette manipulation ne pourrait \u00eatre consid\u00e9r\u00e9 comme \u00e9tant du fait de l'\u00e9diteur du site.<\/p>\n<h4>b. Description des fichiers \"cookies\" utilis\u00e9s par le site<\/h4>\n<p>L'\u00e9diteur du site attire l'attention de l'utilisateur sur le fait que les cookies suivants sont utilis\u00e9s lors de sa navigation\u00a0:<\/p>\n<ul>\n<li><span id=\"span_id_liste_cookies\">Google Analytics\u00a0; Emetteur\u00a0: Google SAS\u00a0; Finalit\u00e9\u00a0: analyse des habitudes de navigation.<\/span><\/li>\n<\/ul>\n<h2>ARTICLE 7\u00a0: CONDITIONS DE MODIFICATION DE LA POLITIQUE DE CONFIDENTIALIT\u00c9<\/h2>\n<p>La pr\u00e9sente politique de confidentialit\u00e9 peut \u00eatre consult\u00e9e \u00e0 tout moment \u00e0 l'adresse ci-apr\u00e8s indiqu\u00e9e :\u00a0<span id=\"span_id_adresse_politique_confidentialite\">https:\/\/www.arbre-canapas.com\/confidentialite\/<\/span><\/p>\n<p>L'\u00e9diteur du site se r\u00e9serve le droit de la modifier afin de garantir sa conformit\u00e9 avec le droit en vigueur.<\/p>\n<p>Par cons\u00e9quent, l'utilisateur est invit\u00e9 \u00e0 venir consulter r\u00e9guli\u00e8rement cette politique de confidentialit\u00e9 afin de se tenir inform\u00e9 des derniers changements qui lui seront apport\u00e9s.<\/p>\n<p>Il est port\u00e9 \u00e0 la connaissance de l'utilisateur que la derni\u00e8re mise \u00e0 jour de la pr\u00e9sente politique de confidentialit\u00e9 est intervenue le\u00a0: <span id=\"span_id_date_derniere_maj\">28\/04\/2020<\/span>.<\/p>\n","protected":false},"excerpt":{"rendered":"<p>ARTICLE 1\u00a0: PR\u00c9AMBULE Cette politique de confidentialit\u00e9 s&#8217;applique au site\u00a0: https:\/\/www.arbre-canapas.com\/. La pr\u00e9sente politique de confidentialit\u00e9 a pour but d&#8217;exposer aux utilisateurs du site\u00a0: La mani\u00e8re dont sont collect\u00e9es et trait\u00e9es leurs donn\u00e9es \u00e0 caract\u00e8re personnel. Doivent \u00eatre consid\u00e9r\u00e9es comme donn\u00e9es personnelles toutes les donn\u00e9es \u00e9tant susceptibles d&#8217;identifier un utilisateur. Il s&#8217;agit notamment du pr\u00e9nom [&hellip;]<\/p>\n","protected":false},"author":1,"featured_media":0,"parent":0,"menu_order":13,"comment_status":"closed","ping_status":"closed","template":"","meta":{"_acf_changed":false,"footnotes":""},"class_list":["post-1003","page","type-page","status-publish","hentry"],"acf":[],"yoast_head":"<!-- This site is optimized with the Yoast SEO plugin v26.4 - https:\/\/yoast.com\/wordpress\/plugins\/seo\/ -->\n<title>Privacy policy - L&#039;Arbre Canapas<\/title>\n<meta name=\"robots\" content=\"index, follow, max-snippet:-1, max-image-preview:large, max-video-preview:-1\" \/>\n<link rel=\"canonical\" href=\"https:\/\/www.arbre-canapas.com\/en\/privacy-policy\/\" \/>\n<meta property=\"og:locale\" content=\"en_US\" \/>\n<meta property=\"og:type\" content=\"article\" \/>\n<meta property=\"og:title\" content=\"Privacy policy - L&#039;Arbre Canapas\" \/>\n<meta property=\"og:description\" content=\"ARTICLE 1\u00a0: PR\u00c9AMBULE Cette politique de confidentialit\u00e9 s&#039;applique au site\u00a0: https:\/\/www.arbre-canapas.com\/. La pr\u00e9sente politique de confidentialit\u00e9 a pour but d&#039;exposer aux utilisateurs du site\u00a0: La mani\u00e8re dont sont collect\u00e9es et trait\u00e9es leurs donn\u00e9es \u00e0 caract\u00e8re personnel. Doivent \u00eatre consid\u00e9r\u00e9es comme donn\u00e9es personnelles toutes les donn\u00e9es \u00e9tant susceptibles d&#039;identifier un utilisateur. Il s&#039;agit notamment du pr\u00e9nom [&hellip;]\" \/>\n<meta property=\"og:url\" content=\"https:\/\/www.arbre-canapas.com\/en\/privacy-policy\/\" \/>\n<meta property=\"og:site_name\" content=\"L&#039;Arbre Canapas\" \/>\n<meta property=\"article:publisher\" content=\"https:\/\/www.facebook.com\/profile.php?id=100006027978794\" \/>\n<meta property=\"article:modified_time\" content=\"2020-04-28T18:01:23+00:00\" \/>\n<meta name=\"twitter:card\" content=\"summary_large_image\" \/>\n<meta name=\"twitter:label1\" content=\"Est. reading time\" \/>\n\t<meta name=\"twitter:data1\" content=\"10 minutes\" \/>\n<script type=\"application\/ld+json\" class=\"yoast-schema-graph\">{\"@context\":\"https:\/\/schema.org\",\"@graph\":[{\"@type\":\"WebPage\",\"@id\":\"https:\/\/www.arbre-canapas.com\/en\/privacy-policy\/\",\"url\":\"https:\/\/www.arbre-canapas.com\/en\/privacy-policy\/\",\"name\":\"Privacy policy - L&#039;Arbre Canapas\",\"isPartOf\":{\"@id\":\"https:\/\/www.arbre-canapas.com\/en\/#website\"},\"datePublished\":\"2019-11-03T15:07:50+00:00\",\"dateModified\":\"2020-04-28T18:01:23+00:00\",\"breadcrumb\":{\"@id\":\"https:\/\/www.arbre-canapas.com\/en\/privacy-policy\/#breadcrumb\"},\"inLanguage\":\"en-US\",\"potentialAction\":[{\"@type\":\"ReadAction\",\"target\":[\"https:\/\/www.arbre-canapas.com\/en\/privacy-policy\/\"]}]},{\"@type\":\"BreadcrumbList\",\"@id\":\"https:\/\/www.arbre-canapas.com\/en\/privacy-policy\/#breadcrumb\",\"itemListElement\":[{\"@type\":\"ListItem\",\"position\":1,\"name\":\"Accueil\",\"item\":\"https:\/\/www.arbre-canapas.com\/en\/\"},{\"@type\":\"ListItem\",\"position\":2,\"name\":\"Privacy policy\"}]},{\"@type\":\"WebSite\",\"@id\":\"https:\/\/www.arbre-canapas.com\/en\/#website\",\"url\":\"https:\/\/www.arbre-canapas.com\/en\/\",\"name\":\"L'Arbre Canapas\",\"description\":\"Collectif de musiciens\",\"publisher\":{\"@id\":\"https:\/\/www.arbre-canapas.com\/en\/#organization\"},\"potentialAction\":[{\"@type\":\"SearchAction\",\"target\":{\"@type\":\"EntryPoint\",\"urlTemplate\":\"https:\/\/www.arbre-canapas.com\/en\/?s={search_term_string}\"},\"query-input\":{\"@type\":\"PropertyValueSpecification\",\"valueRequired\":true,\"valueName\":\"search_term_string\"}}],\"inLanguage\":\"en-US\"},{\"@type\":\"Organization\",\"@id\":\"https:\/\/www.arbre-canapas.com\/en\/#organization\",\"name\":\"L'Arbre Canapas\",\"url\":\"https:\/\/www.arbre-canapas.com\/en\/\",\"logo\":{\"@type\":\"ImageObject\",\"inLanguage\":\"en-US\",\"@id\":\"https:\/\/www.arbre-canapas.com\/en\/#\/schema\/logo\/image\/\",\"url\":\"https:\/\/www.arbre-canapas.com\/wp-content\/uploads\/2020\/02\/logo-footer.png\",\"contentUrl\":\"https:\/\/www.arbre-canapas.com\/wp-content\/uploads\/2020\/02\/logo-footer.png\",\"width\":344,\"height\":243,\"caption\":\"L'Arbre Canapas\"},\"image\":{\"@id\":\"https:\/\/www.arbre-canapas.com\/en\/#\/schema\/logo\/image\/\"},\"sameAs\":[\"https:\/\/www.facebook.com\/profile.php?id=100006027978794\",\"https:\/\/www.youtube.com\/channel\/UC8X8v_jMyy4K2cPKsAze08w\"]}]}<\/script>\n<!-- \/ Yoast SEO plugin. -->","yoast_head_json":{"title":"Privacy policy - L&#039;Arbre Canapas","robots":{"index":"index","follow":"follow","max-snippet":"max-snippet:-1","max-image-preview":"max-image-preview:large","max-video-preview":"max-video-preview:-1"},"canonical":"https:\/\/www.arbre-canapas.com\/en\/privacy-policy\/","og_locale":"en_US","og_type":"article","og_title":"Privacy policy - L&#039;Arbre Canapas","og_description":"ARTICLE 1\u00a0: PR\u00c9AMBULE Cette politique de confidentialit\u00e9 s'applique au site\u00a0: https:\/\/www.arbre-canapas.com\/. La pr\u00e9sente politique de confidentialit\u00e9 a pour but d'exposer aux utilisateurs du site\u00a0: La mani\u00e8re dont sont collect\u00e9es et trait\u00e9es leurs donn\u00e9es \u00e0 caract\u00e8re personnel. Doivent \u00eatre consid\u00e9r\u00e9es comme donn\u00e9es personnelles toutes les donn\u00e9es \u00e9tant susceptibles d'identifier un utilisateur. Il s'agit notamment du pr\u00e9nom [&hellip;]","og_url":"https:\/\/www.arbre-canapas.com\/en\/privacy-policy\/","og_site_name":"L&#039;Arbre Canapas","article_publisher":"https:\/\/www.facebook.com\/profile.php?id=100006027978794","article_modified_time":"2020-04-28T18:01:23+00:00","twitter_card":"summary_large_image","twitter_misc":{"Est. reading time":"10 minutes"},"schema":{"@context":"https:\/\/schema.org","@graph":[{"@type":"WebPage","@id":"https:\/\/www.arbre-canapas.com\/en\/privacy-policy\/","url":"https:\/\/www.arbre-canapas.com\/en\/privacy-policy\/","name":"Privacy policy - L&#039;Arbre Canapas","isPartOf":{"@id":"https:\/\/www.arbre-canapas.com\/en\/#website"},"datePublished":"2019-11-03T15:07:50+00:00","dateModified":"2020-04-28T18:01:23+00:00","breadcrumb":{"@id":"https:\/\/www.arbre-canapas.com\/en\/privacy-policy\/#breadcrumb"},"inLanguage":"en-US","potentialAction":[{"@type":"ReadAction","target":["https:\/\/www.arbre-canapas.com\/en\/privacy-policy\/"]}]},{"@type":"BreadcrumbList","@id":"https:\/\/www.arbre-canapas.com\/en\/privacy-policy\/#breadcrumb","itemListElement":[{"@type":"ListItem","position":1,"name":"Accueil","item":"https:\/\/www.arbre-canapas.com\/en\/"},{"@type":"ListItem","position":2,"name":"Privacy policy"}]},{"@type":"WebSite","@id":"https:\/\/www.arbre-canapas.com\/en\/#website","url":"https:\/\/www.arbre-canapas.com\/en\/","name":"L'Arbre Canapas","description":"Collectif de musiciens","publisher":{"@id":"https:\/\/www.arbre-canapas.com\/en\/#organization"},"potentialAction":[{"@type":"SearchAction","target":{"@type":"EntryPoint","urlTemplate":"https:\/\/www.arbre-canapas.com\/en\/?s={search_term_string}"},"query-input":{"@type":"PropertyValueSpecification","valueRequired":true,"valueName":"search_term_string"}}],"inLanguage":"en-US"},{"@type":"Organization","@id":"https:\/\/www.arbre-canapas.com\/en\/#organization","name":"L'Arbre Canapas","url":"https:\/\/www.arbre-canapas.com\/en\/","logo":{"@type":"ImageObject","inLanguage":"en-US","@id":"https:\/\/www.arbre-canapas.com\/en\/#\/schema\/logo\/image\/","url":"https:\/\/www.arbre-canapas.com\/wp-content\/uploads\/2020\/02\/logo-footer.png","contentUrl":"https:\/\/www.arbre-canapas.com\/wp-content\/uploads\/2020\/02\/logo-footer.png","width":344,"height":243,"caption":"L'Arbre Canapas"},"image":{"@id":"https:\/\/www.arbre-canapas.com\/en\/#\/schema\/logo\/image\/"},"sameAs":["https:\/\/www.facebook.com\/profile.php?id=100006027978794","https:\/\/www.youtube.com\/channel\/UC8X8v_jMyy4K2cPKsAze08w"]}]}},"_links":{"self":[{"href":"https:\/\/www.arbre-canapas.com\/en\/wp-json\/wp\/v2\/pages\/1003","targetHints":{"allow":["GET"]}}],"collection":[{"href":"https:\/\/www.arbre-canapas.com\/en\/wp-json\/wp\/v2\/pages"}],"about":[{"href":"https:\/\/www.arbre-canapas.com\/en\/wp-json\/wp\/v2\/types\/page"}],"author":[{"embeddable":true,"href":"https:\/\/www.arbre-canapas.com\/en\/wp-json\/wp\/v2\/users\/1"}],"replies":[{"embeddable":true,"href":"https:\/\/www.arbre-canapas.com\/en\/wp-json\/wp\/v2\/comments?post=1003"}],"version-history":[{"count":0,"href":"https:\/\/www.arbre-canapas.com\/en\/wp-json\/wp\/v2\/pages\/1003\/revisions"}],"wp:attachment":[{"href":"https:\/\/www.arbre-canapas.com\/en\/wp-json\/wp\/v2\/media?parent=1003"}],"curies":[{"name":"wp","href":"https:\/\/api.w.org\/{rel}","templated":true}]}}